{"id":32,"date":"2016-12-21T14:25:45","date_gmt":"2016-12-21T14:25:45","guid":{"rendered":"http:\/\/sydecon.ch\/?page_id=32\/"},"modified":"2021-11-09T21:45:57","modified_gmt":"2021-11-09T21:45:57","slug":"services","status":"publish","type":"page","link":"https:\/\/sydecon.de\/de\/services\/","title":{"rendered":"Leistungen"},"content":{"rendered":"<p><div class=\"fusion-fullwidth fullwidth-box nonhundred-percent-fullwidth non-hundred-percent-height-scrolling\"  style='background-color: rgba(255,255,255,0);background-position: left top;background-repeat: no-repeat;padding-top:20px;padding-right:0px;padding-bottom:20px;padding-left:0px;border-top-width:0px;border-bottom-width:0px;border-color:#eae9e9;border-top-style:solid;border-bottom-style:solid;'><div class=\"fusion-builder-row fusion-row \"><div  class=\"fusion-layout-column fusion_builder_column fusion_builder_column_1_1  fusion-one-full fusion-column-first fusion-column-last fusion-column-no-min-height 1_1\"  style='margin-top:0px;margin-bottom:0px;'>\n\t\t\t\t\t<div class=\"fusion-column-wrapper\" style=\"padding: 0px 0px 0px 0px;background-position:left top;background-repeat:no-repeat;-webkit-background-size:cover;-moz-background-size:cover;-o-background-size:cover;background-size:cover;\"  data-bg-url=\"\">\n\t\t\t\t\t\t<div class=\"fusion-title title fusion-title-size-one\" style=\"margin-top:0px;margin-bottom:31px;\"><h1 class=\"title-heading-left\">Wir bieten mehr als Produkte<\/h1><div class=\"title-sep-container\"><div class=\"title-sep sep-single sep-solid\" style=\"border-color:#e0dede;\"><\/div><\/div><\/div><div class=\"fusion-text\"><div class=\"sydecon-body\">\u00dcber die MDM Enterprise Suite hinausgehend bieten wir Dienstleistungen an, die es Ihnen erm\u00f6glichen, leistungsf\u00e4hige L\u00f6sungen im Bereich Datenqualit\u00e4t und Data Management aufzubauen. Angefangen bei <span class=\"sydecon-marked\">Beratungsleistungen<\/span>, die auf jahrelanger Erfahrung im Master Data Management beruhen, \u00fcber unsere <span class=\"sydecon-marked\">Entwicklerleistungen<\/span>, die MDM Enterprise in nahezu jede beliebige IT-Infrastruktur integrieren und kundenspezifisch erweitern, bis hin zur <span class=\"sydecon-marked\">Unterst\u00fctzung im Produktivbetrieb<\/span> bietet SYDECON ein vollst\u00e4ndiges Leistungsspektrum.<\/div>\n<\/div><div class=\"fusion-clearfix\"><\/div>\n\n\t\t\t\t\t<\/div>\n\t\t\t\t<\/div><\/div><\/div><div class=\"fusion-fullwidth fullwidth-box nonhundred-percent-fullwidth non-hundred-percent-height-scrolling\"  style='background-color: rgba(255,255,255,0);background-position: left top;background-repeat: no-repeat;padding-top:20px;padding-right:0px;padding-bottom:20px;padding-left:0px;border-top-width:0px;border-bottom-width:0px;border-color:#eae9e9;border-top-style:solid;border-bottom-style:solid;'><div class=\"fusion-builder-row fusion-row \"><div  class=\"fusion-layout-column fusion_builder_column fusion_builder_column_1_1  fusion-one-full fusion-column-first fusion-column-last fusion-column-no-min-height 1_1\"  style='margin-top:0px;margin-bottom:0px;'>\n\t\t\t\t\t<div class=\"fusion-column-wrapper\" style=\"padding: 0px 0px 0px 0px;background-position:left top;background-repeat:no-repeat;-webkit-background-size:cover;-moz-background-size:cover;-o-background-size:cover;background-size:cover;\"  data-bg-url=\"\">\n\t\t\t\t\t\t<div class=\"fusion-menu-anchor\" id=\"consulting\"><\/div><div class=\"fusion-sep-clear\"><\/div><div class=\"fusion-separator fusion-full-width-sep sep-none\" style=\"margin-left: auto;margin-right: auto;margin-top:40px;\"><\/div><div class=\"fusion-clearfix\"><\/div>\n\n\t\t\t\t\t<\/div>\n\t\t\t\t<\/div><div  class=\"fusion-layout-column fusion_builder_column fusion_builder_column_1_1  fusion-one-full fusion-column-first fusion-column-last fusion-column-no-min-height 1_1\"  style='margin-top:0px;margin-bottom:0px;'>\n\t\t\t\t\t<div class=\"fusion-column-wrapper\" style=\"padding: 0px 0px 0px 0px;background-position:left top;background-repeat:no-repeat;-webkit-background-size:cover;-moz-background-size:cover;-o-background-size:cover;background-size:cover;\"  data-bg-url=\"\">\n\t\t\t\t\t\t<div class=\"fusion-title title fusion-title-size-one\" style=\"margin-top:0px;margin-bottom:31px;\"><h1 class=\"title-heading-left\">Master Data Management Consulting Services<\/h1><div class=\"title-sep-container\"><div class=\"title-sep sep-single sep-solid\" style=\"border-color:#e0dede;\"><\/div><\/div><\/div><div class=\"fusion-clearfix\"><\/div>\n\n\t\t\t\t\t<\/div>\n\t\t\t\t<\/div><div  class=\"fusion-layout-column fusion_builder_column fusion_builder_column_1_3  fusion-one-third fusion-column-first 1_3\"  style='margin-top:0px;margin-bottom:20px;width:33.33%;width:calc(33.33% - ( ( 4% ) * 0.3333 ) );margin-right: 4%;'>\n\t\t\t\t\t<div class=\"fusion-column-wrapper\" style=\"padding: 0px 0px 0px 0px;background-position:left top;background-repeat:no-repeat;-webkit-background-size:cover;-moz-background-size:cover;-o-background-size:cover;background-size:cover;\"  data-bg-url=\"\">\n\t\t\t\t\t\t<span class=\"fusion-imageframe imageframe-none imageframe-1 hover-type-none\"><img loading=\"lazy\" decoding=\"async\" src=\"https:\/\/sydecon.de\/wp-content\/uploads\/2020\/06\/Fotolia_63431309_S-300x200.jpg\" width=\"300\" height=\"200\" alt=\"SYDECON Leistungen\" title=\"world\" class=\"img-responsive wp-image-1165\" srcset=\"https:\/\/sydecon.de\/wp-content\/uploads\/2020\/06\/Fotolia_63431309_S-200x133.jpg 200w, https:\/\/sydecon.de\/wp-content\/uploads\/2020\/06\/Fotolia_63431309_S-400x267.jpg 400w, https:\/\/sydecon.de\/wp-content\/uploads\/2020\/06\/Fotolia_63431309_S-600x400.jpg 600w, https:\/\/sydecon.de\/wp-content\/uploads\/2020\/06\/Fotolia_63431309_S-800x533.jpg 800w, https:\/\/sydecon.de\/wp-content\/uploads\/2020\/06\/Fotolia_63431309_S.jpg 849w\" sizes=\"auto, (max-width: 800px) 100vw, 600px\" \/><\/span><div class=\"fusion-clearfix\"><\/div>\n\n\t\t\t\t\t<\/div>\n\t\t\t\t<\/div><div  class=\"fusion-layout-column fusion_builder_column fusion_builder_column_2_3  fusion-two-third fusion-column-last 2_3\"  style='margin-top:0px;margin-bottom:20px;width:66.66%;width:calc(66.66% - ( ( 4% ) * 0.6666 ) );'>\n\t\t\t\t\t<div class=\"fusion-column-wrapper\" style=\"padding: 0px 0px 0px 0px;background-position:left top;background-repeat:no-repeat;-webkit-background-size:cover;-moz-background-size:cover;-o-background-size:cover;background-size:cover;\"  data-bg-url=\"\">\n\t\t\t\t\t\t<div class=\"fusion-text\"><p class=\"sydecon-body\">Seit 2002 arbeitet SYDECON als Partner von internationalen Gro\u00dfunternehmen im Bereich Master Data Management und Data Quality Management. Auf dieser Grundlage bietet SYDECON ein breites Spektrum von Beratungsleistungen, die strategische Beratung, Organisation, Governance, Prozesse, Metriken, Modelle und Architekturen umfassen. SYDECON kann seine Gesch\u00e4ftspartner mit fundiertem Wissen und erprobter Methodik unterst\u00fctzen. Hierbei steht der <span class=\"sydecon-marked\">Kundennutzen im Vordergrund<\/span>. Uns geht es nicht darum, theoretische Modelle zu implementieren, sondern langfristig tragf\u00e4hige L\u00f6sungen zu konzipieren, die unseren Kunden auch einen kurzfristig sp\u00fcrbaren Nutzen bringen.<\/p>\n<h3 class=\"sydecon-body\">Master Data Governance und Organisation<\/h3>\n<p class=\"sydecon-body\">Beim Thema Master Data Management geht es vor allem darum, Ordnung in eine gewachsene, relativ unstrukturierte Umgebung zu bringen. Wohldefinierte Verantwortlichkeiten, Regeln, Qualit\u00e4tskriterien und Prozesse sind zu definieren und zu dokumentieren, um so eine Basis f\u00fcr eine Optimierung zu schaffen. F\u00fcr diese Aufgabe ben\u00f6tigt man entsprechende <span class=\"sydecon-marked\">Erfahrung<\/span>. SYDECON unterst\u00fctzt Sie dabei, genau diese Aufgaben zu erf\u00fcllen und ein Fundament f\u00fcr ein solides, <span class=\"sydecon-marked\">langfristig erfolgreiches Data Management<\/span> zu schaffen.<\/p>\n<h3 class=\"sydecon-body\">Prozesse und Metriken<\/h3>\n<p class=\"sydecon-body\">Ihre im Bereich Governance und Organisation erarbeitete Basis muss in der Praxis umgesetzt werden. Prozesse, die Ihre Organisation und Ihre Gesch\u00e4ftsregeln Realit\u00e4t werden lassen, sind nicht einfach einzuf\u00fchren. Auch hier kann Sie SYDECON mit ihrer langj\u00e4hrigen Erfahrung <span class=\"sydecon-marked\">kompetent unterst\u00fctzen<\/span>. Im Weiteren zeigen wir Ihnen, wie Sie aus Qualit\u00e4tskriterien Metriken ableiten und die Datenqualit\u00e4t messbar machen, um so ein langfristig erfolgreiches Qualit\u00e4tsmanagement aufzubauen.<\/p>\n<h3 class=\"sydecon-body\">Architekturen<\/h3>\n<p class=\"sydecon-body\">Wesentliches Merkmal eines Master Data Management Systems ist seine Architektur. Diese muss zu Ihrem Unternehmen passen und heutige, wie auch zuk\u00fcnftige Anforderungen, sei es organisches Wachstum oder die Integration weiterer Unternehmen, unterst\u00fctzen. Die Architektur muss sowohl zentrale als auch regionale Aspekte ber\u00fccksichtigen. Die <span class=\"sydecon-marked\">Auswahl der richtigen Architektur<\/span> und deren Aufbau sind Aufgaben die wir, SYDECON, gerne wahrnehmen und mit Ihnen zusammen angehen.<\/p>\n<\/div><div class=\"fusion-clearfix\"><\/div>\n\n\t\t\t\t\t<\/div>\n\t\t\t\t<\/div><div  class=\"fusion-layout-column fusion_builder_column fusion_builder_column_2_3  fusion-two-third fusion-column-first 2_3\"  style='margin-top:0px;margin-bottom:20px;width:65.3333%; margin-right: 4%;'>\n\t\t\t\t\t<div class=\"fusion-column-wrapper\" style=\"padding: 0px 0px 0px 0px;background-position:left top;background-repeat:no-repeat;-webkit-background-size:cover;-moz-background-size:cover;-o-background-size:cover;background-size:cover;\"  data-bg-url=\"\">\n\t\t\t\t\t\t<div class=\"fusion-clearfix\"><\/div>\n\n\t\t\t\t\t<\/div>\n\t\t\t\t<\/div><\/div><\/div><div class=\"fusion-fullwidth fullwidth-box nonhundred-percent-fullwidth non-hundred-percent-height-scrolling\"  style='background-color: rgba(255,255,255,0);background-position: left top;background-repeat: no-repeat;padding-top:20px;padding-right:0px;padding-bottom:20px;padding-left:0px;border-top-width:0px;border-bottom-width:0px;border-color:#eae9e9;border-top-style:solid;border-bottom-style:solid;'><div class=\"fusion-builder-row fusion-row \"><div  class=\"fusion-layout-column fusion_builder_column fusion_builder_column_1_1  fusion-one-full fusion-column-first fusion-column-last fusion-column-no-min-height 1_1\"  style='margin-top:0px;margin-bottom:0px;'>\n\t\t\t\t\t<div class=\"fusion-column-wrapper\" style=\"padding: 0px 0px 0px 0px;background-position:left top;background-repeat:no-repeat;-webkit-background-size:cover;-moz-background-size:cover;-o-background-size:cover;background-size:cover;\"  data-bg-url=\"\">\n\t\t\t\t\t\t<div class=\"fusion-menu-anchor\" id=\"implementation\"><\/div><div class=\"fusion-sep-clear\"><\/div><div class=\"fusion-separator fusion-full-width-sep sep-none\" style=\"margin-left: auto;margin-right: auto;margin-top:40px;\"><\/div><div class=\"fusion-clearfix\"><\/div>\n\n\t\t\t\t\t<\/div>\n\t\t\t\t<\/div><div  class=\"fusion-layout-column fusion_builder_column fusion_builder_column_1_1  fusion-one-full fusion-column-first fusion-column-last fusion-column-no-min-height 1_1\"  style='margin-top:0px;margin-bottom:0px;'>\n\t\t\t\t\t<div class=\"fusion-column-wrapper\" style=\"padding: 0px 0px 0px 0px;background-position:left top;background-repeat:no-repeat;-webkit-background-size:cover;-moz-background-size:cover;-o-background-size:cover;background-size:cover;\"  data-bg-url=\"\">\n\t\t\t\t\t\t<div class=\"fusion-title title fusion-title-size-one\" style=\"margin-top:0px;margin-bottom:31px;\"><h1 class=\"title-heading-left\">Einf\u00fchren von MDM L\u00f6sungen<\/h1><div class=\"title-sep-container\"><div class=\"title-sep sep-single sep-solid\" style=\"border-color:#e0dede;\"><\/div><\/div><\/div><div class=\"fusion-clearfix\"><\/div>\n\n\t\t\t\t\t<\/div>\n\t\t\t\t<\/div><div  class=\"fusion-layout-column fusion_builder_column fusion_builder_column_1_3  fusion-one-third fusion-column-first 1_3\"  style='margin-top:0px;margin-bottom:20px;width:33.33%;width:calc(33.33% - ( ( 4% ) * 0.3333 ) );margin-right: 4%;'>\n\t\t\t\t\t<div class=\"fusion-column-wrapper\" style=\"padding: 0px 0px 0px 0px;background-position:left top;background-repeat:no-repeat;-webkit-background-size:cover;-moz-background-size:cover;-o-background-size:cover;background-size:cover;\"  data-bg-url=\"\">\n\t\t\t\t\t\t<span class=\"fusion-imageframe imageframe-none imageframe-2 hover-type-none\"><img loading=\"lazy\" decoding=\"async\" src=\"https:\/\/sydecon.de\/wp-content\/uploads\/2020\/06\/Fotolia_68975438_S-300x200.jpg\" width=\"300\" height=\"200\" alt=\"SYDECON L\u00f6sungen Stammdaten\" title=\"network\" class=\"img-responsive wp-image-1167\" srcset=\"https:\/\/sydecon.de\/wp-content\/uploads\/2020\/06\/Fotolia_68975438_S-200x133.jpg 200w, https:\/\/sydecon.de\/wp-content\/uploads\/2020\/06\/Fotolia_68975438_S-400x267.jpg 400w, https:\/\/sydecon.de\/wp-content\/uploads\/2020\/06\/Fotolia_68975438_S-600x400.jpg 600w, https:\/\/sydecon.de\/wp-content\/uploads\/2020\/06\/Fotolia_68975438_S-800x533.jpg 800w, https:\/\/sydecon.de\/wp-content\/uploads\/2020\/06\/Fotolia_68975438_S.jpg 849w\" sizes=\"auto, (max-width: 800px) 100vw, 600px\" \/><\/span><div class=\"fusion-clearfix\"><\/div>\n\n\t\t\t\t\t<\/div>\n\t\t\t\t<\/div><div  class=\"fusion-layout-column fusion_builder_column fusion_builder_column_2_3  fusion-two-third fusion-column-last 2_3\"  style='margin-top:0px;margin-bottom:20px;width:66.66%;width:calc(66.66% - ( ( 4% ) * 0.6666 ) );'>\n\t\t\t\t\t<div class=\"fusion-column-wrapper\" style=\"padding: 0px 0px 0px 0px;background-position:left top;background-repeat:no-repeat;-webkit-background-size:cover;-moz-background-size:cover;-o-background-size:cover;background-size:cover;\"  data-bg-url=\"\">\n\t\t\t\t\t\t<div class=\"fusion-text\"><div class=\"sydecon-body\">\n<p>SYDECON ist ein Software-Haus. Wir haben die MDM Enterprise Suite konzipiert und implementiert, lassen Sie mit der Einf\u00fchrung aber nicht alleine. Unsere Berater und Entwickler stehen Ihnen mit Kompetenz und Tatkraft zur Seite oder f\u00fchren MDM Enterprise L\u00f6sungen f\u00fcr Ihr Master Data Management schl\u00fcsselfertig bei Ihnen ein.<\/p>\n<h3>Customizing<\/h3>\n<p>MDM Enterprise L\u00f6sungen basieren auf einem sehr weit fortgeschrittenen Kern, der sich mit wenig Aufwand zu einem produktiven System konfigurieren l\u00e4sst. Erfahrene SYDECON-Mitarbeiter unterst\u00fctzen Sie bei der Einf\u00fchrung Ihrer Master Data Management L\u00f6sung, konfigurieren MDM Enterprise nach Ihren Anforderungen und zeigen Ihnen, wie Sie zuk\u00fcnftige \u00c4nderungen selbst vornehmen k\u00f6nnen.<\/p>\n<h3>Integration<\/h3>\n<p>Wesentlicher Bestandteil einer MDM Enterprise L\u00f6sung ist die Integration in Ihre Systemlandschaft. Unsere Mitarbeiter integrieren MDM Enterprise in enger Zusammenarbeit mit Ihnen zu einer integrierten Master Data Management L\u00f6sung. Dabei werden Ihre Systeme \u00fcber verschiedenste Methoden mit MDM Enterprise verbunden. Wir zeigen Ihnen, wie eine solche Integration flexibel, erweiterbar und konfigurierbar implementiert wird.<\/p>\n<h3>Kundenspezifische Erweiterungen<\/h3>\n<p>Jedes Unternehmen hat individuelle Anforderungen, die wichtig f\u00fcr die Zufriedenheit der Anwender sind, oder Besonderheiten einer Firma repr\u00e4sentieren. Mit MDM Enterprise L\u00f6sungen ist man nicht auf den gegebenen Funktionsumfang eingeschr\u00e4nkt. Vielmehr k\u00f6nnen Systeme, die auf MDM Enterprise basieren, fast beliebig erweitert werden, ohne dabei Einschr\u00e4nkungen in Bezug auf zuk\u00fcnftigen Versionen hinnehmen zu m\u00fcssen.<\/p>\n<\/div>\n<\/div><div class=\"fusion-clearfix\"><\/div>\n\n\t\t\t\t\t<\/div>\n\t\t\t\t<\/div><div  class=\"fusion-layout-column fusion_builder_column fusion_builder_column_2_3  fusion-two-third fusion-column-first 2_3\"  style='margin-top:0px;margin-bottom:20px;width:65.3333%; margin-right: 4%;'>\n\t\t\t\t\t<div class=\"fusion-column-wrapper\" style=\"padding: 0px 0px 0px 0px;background-position:left top;background-repeat:no-repeat;-webkit-background-size:cover;-moz-background-size:cover;-o-background-size:cover;background-size:cover;\"  data-bg-url=\"\">\n\t\t\t\t\t\t<div class=\"fusion-clearfix\"><\/div>\n\n\t\t\t\t\t<\/div>\n\t\t\t\t<\/div><\/div><\/div><div class=\"fusion-fullwidth fullwidth-box nonhundred-percent-fullwidth non-hundred-percent-height-scrolling\"  style='background-color: rgba(255,255,255,0);background-position: left top;background-repeat: no-repeat;padding-top:20px;padding-right:0px;padding-bottom:20px;padding-left:0px;border-top-width:0px;border-bottom-width:0px;border-color:#eae9e9;border-top-style:solid;border-bottom-style:solid;'><div class=\"fusion-builder-row fusion-row \"><div  class=\"fusion-layout-column fusion_builder_column fusion_builder_column_1_1  fusion-one-full fusion-column-first fusion-column-last fusion-column-no-min-height 1_1\"  style='margin-top:0px;margin-bottom:0px;'>\n\t\t\t\t\t<div class=\"fusion-column-wrapper\" style=\"padding: 0px 0px 0px 0px;background-position:left top;background-repeat:no-repeat;-webkit-background-size:cover;-moz-background-size:cover;-o-background-size:cover;background-size:cover;\"  data-bg-url=\"\">\n\t\t\t\t\t\t<div class=\"fusion-menu-anchor\" id=\"service\"><\/div><div class=\"fusion-sep-clear\"><\/div><div class=\"fusion-separator fusion-full-width-sep sep-none\" style=\"margin-left: auto;margin-right: auto;margin-top:40px;\"><\/div><div class=\"fusion-clearfix\"><\/div>\n\n\t\t\t\t\t<\/div>\n\t\t\t\t<\/div><div  class=\"fusion-layout-column fusion_builder_column fusion_builder_column_1_1  fusion-one-full fusion-column-first fusion-column-last fusion-column-no-min-height 1_1\"  style='margin-top:0px;margin-bottom:0px;'>\n\t\t\t\t\t<div class=\"fusion-column-wrapper\" style=\"padding: 0px 0px 0px 0px;background-position:left top;background-repeat:no-repeat;-webkit-background-size:cover;-moz-background-size:cover;-o-background-size:cover;background-size:cover;\"  data-bg-url=\"\">\n\t\t\t\t\t\t<div class=\"fusion-title title fusion-title-size-one\" style=\"margin-top:0px;margin-bottom:31px;\"><h1 class=\"title-heading-left\">Service &amp; Support<\/h1><div class=\"title-sep-container\"><div class=\"title-sep sep-single sep-solid\" style=\"border-color:#e0dede;\"><\/div><\/div><\/div><div class=\"fusion-clearfix\"><\/div>\n\n\t\t\t\t\t<\/div>\n\t\t\t\t<\/div><div  class=\"fusion-layout-column fusion_builder_column fusion_builder_column_1_3  fusion-one-third fusion-column-first 1_3\"  style='margin-top:0px;margin-bottom:20px;width:33.33%;width:calc(33.33% - ( ( 4% ) * 0.3333 ) );margin-right: 4%;'>\n\t\t\t\t\t<div class=\"fusion-column-wrapper\" style=\"padding: 0px 0px 0px 0px;background-position:left top;background-repeat:no-repeat;-webkit-background-size:cover;-moz-background-size:cover;-o-background-size:cover;background-size:cover;\"  data-bg-url=\"\">\n\t\t\t\t\t\t<span class=\"fusion-imageframe imageframe-none imageframe-3 hover-type-none\"><img loading=\"lazy\" decoding=\"async\" src=\"https:\/\/sydecon.de\/wp-content\/uploads\/2020\/06\/Fotolia_70707264_S-300x200.jpg\" width=\"300\" height=\"200\" alt=\"SYDECON Master Data Management\" title=\"compass\" class=\"img-responsive wp-image-1169\" srcset=\"https:\/\/sydecon.de\/wp-content\/uploads\/2020\/06\/Fotolia_70707264_S-200x133.jpg 200w, https:\/\/sydecon.de\/wp-content\/uploads\/2020\/06\/Fotolia_70707264_S-400x267.jpg 400w, https:\/\/sydecon.de\/wp-content\/uploads\/2020\/06\/Fotolia_70707264_S-600x400.jpg 600w, https:\/\/sydecon.de\/wp-content\/uploads\/2020\/06\/Fotolia_70707264_S-800x533.jpg 800w, https:\/\/sydecon.de\/wp-content\/uploads\/2020\/06\/Fotolia_70707264_S.jpg 849w\" sizes=\"auto, (max-width: 800px) 100vw, 600px\" \/><\/span><div class=\"fusion-clearfix\"><\/div>\n\n\t\t\t\t\t<\/div>\n\t\t\t\t<\/div><div  class=\"fusion-layout-column fusion_builder_column fusion_builder_column_2_3  fusion-two-third fusion-column-last 2_3\"  style='margin-top:0px;margin-bottom:20px;width:66.66%;width:calc(66.66% - ( ( 4% ) * 0.6666 ) );'>\n\t\t\t\t\t<div class=\"fusion-column-wrapper\" style=\"padding: 0px 0px 0px 0px;background-position:left top;background-repeat:no-repeat;-webkit-background-size:cover;-moz-background-size:cover;-o-background-size:cover;background-size:cover;\"  data-bg-url=\"\">\n\t\t\t\t\t\t<div class=\"fusion-text\"><div class=\"sydecon-body\">\n<p>Projekte sollten ein erfolgreiches Ende habe. Das bedeutet aber nicht, dass mit dem Abschluss der Entwicklungsarbeiten schon alle Arbeit getan ist. SYDECON unterst\u00fctzt Sie auch \u00fcber die reine Einf\u00fchrung von MDM Enterprise hinaus.<\/p>\n<h3>Training<\/h3>\n<p>Auch wenn MDM Enterprise L\u00f6sungen f\u00fcr den Anwender einfach zu verstehen sind und nur geringer Trainingsaufwand erforderlich ist, bietet Ihnen SYDECON den Service, Ihre Mitarbeiter zu schulen. Sei es f\u00fcr Entwickler, die selbst Erweiterungen vornehmen m\u00f6chten, Power-User, die das System in Tiefe verstehen wollen, oder Anwender, die den Umgang mit der MDM Enterprise Suite kennen lernen m\u00f6chten. Nat\u00fcrlich schulen wir auch Ihre internen Support-Mitarbeiter.<\/p>\n<h3>Support<\/h3>\n<p>Es wird mit Sicherheit&nbsp;Situationen geben, in denen sehr tiefes Wissen \u00fcber MDM Enterprise erforderlich ist, um Ihre Anwender zu unterst\u00fctzen. SYDECON bietet f\u00fcr diesen Fall einen 3rd Level Support an, auf den Ihr Team zur\u00fcckgreifen kann. Sollten Sie den gesamten Support f\u00fcr MDM Enterprise auslagern wollen, so bietet SYDECON auch hierf\u00fcr M\u00f6glichkeiten.<\/p>\n<h3>Service &amp; Releases<\/h3>\n<p>Die MDM Enterprise Suite wird kontinuierlich weiterentwickelt. Auch Sie k\u00f6nnen nach einer Einf\u00fchrung davon profitieren. Release Updates und Verbesserungen stehen Ihnen regelm\u00e4\u00dfig zur Verf\u00fcgung. Diese k\u00f6nnen Sie sowohl einzeln im Rahmen eines Upgrade-Projekts oder \u00fcber einen Service Vertrag erhalten.<\/p>\n<\/div>\n<\/div><div class=\"fusion-clearfix\"><\/div>\n\n\t\t\t\t\t<\/div>\n\t\t\t\t<\/div><div  class=\"fusion-layout-column fusion_builder_column fusion_builder_column_2_3  fusion-two-third fusion-column-first 2_3\"  style='margin-top:0px;margin-bottom:20px;width:66.66%;width:calc(66.66% - ( ( 4% ) * 0.6666 ) );margin-right: 4%;'>\n\t\t\t\t\t<div class=\"fusion-column-wrapper\" style=\"padding: 0px 0px 0px 0px;background-position:left top;background-repeat:no-repeat;-webkit-background-size:cover;-moz-background-size:cover;-o-background-size:cover;background-size:cover;\"  data-bg-url=\"\">\n\t\t\t\t\t\t<div class=\"fusion-clearfix\"><\/div>\n\n\t\t\t\t\t<\/div>\n\t\t\t\t<\/div><\/div><\/div><\/p>\n","protected":false},"excerpt":{"rendered":"","protected":false},"author":1,"featured_media":0,"parent":0,"menu_order":0,"comment_status":"closed","ping_status":"closed","template":"","meta":{"footnotes":""},"class_list":["post-32","page","type-page","status-publish","hentry"],"_links":{"self":[{"href":"https:\/\/sydecon.de\/de\/wp-json\/wp\/v2\/pages\/32","targetHints":{"allow":["GET"]}}],"collection":[{"href":"https:\/\/sydecon.de\/de\/wp-json\/wp\/v2\/pages"}],"about":[{"href":"https:\/\/sydecon.de\/de\/wp-json\/wp\/v2\/types\/page"}],"author":[{"embeddable":true,"href":"https:\/\/sydecon.de\/de\/wp-json\/wp\/v2\/users\/1"}],"replies":[{"embeddable":true,"href":"https:\/\/sydecon.de\/de\/wp-json\/wp\/v2\/comments?post=32"}],"version-history":[{"count":0,"href":"https:\/\/sydecon.de\/de\/wp-json\/wp\/v2\/pages\/32\/revisions"}],"wp:attachment":[{"href":"https:\/\/sydecon.de\/de\/wp-json\/wp\/v2\/media?parent=32"}],"curies":[{"name":"wp","href":"https:\/\/api.w.org\/{rel}","templated":true}]}}