{"id":36,"date":"2016-12-21T14:27:38","date_gmt":"2016-12-21T14:27:38","guid":{"rendered":"http:\/\/sydecon.ch\/?page_id=36\/"},"modified":"2018-06-22T10:04:34","modified_gmt":"2018-06-22T10:04:34","slug":"about-us","status":"publish","type":"page","link":"https:\/\/sydecon.de\/de\/about-us\/","title":{"rendered":"\u00dcber Uns"},"content":{"rendered":"<h1>SYDECON ist ein Software-Unternehmen &#8230;<\/h1>\n<div class=\"sydecon-body\">&#8230; das sich auf die Bereiche Datenqualit\u00e4t und Stammdatenmanagement spezialisiert hat. Wir arbeiten mit einem effizienten Team von Beratern und Entwicklern in M\u00fcnchen an der Weiterentwicklung unserer L\u00f6sungen und an kundenspezifischen Entwicklungen. Aufgrund der Internationalit\u00e4t unserer Kunden sind wir weltweit aktiv.SYDECON ist als Spin-Off von Managern eines gro\u00dfen deutschen Software-Hauses gegr\u00fcndet und behauptet sich seit dem Jahr 2000 erfolgreich am Markt.<\/p>\n<\/div>\n","protected":false},"excerpt":{"rendered":"<p>SYDECON ist ein Software-Unternehmen &#8230; &#8230; das sich auf die Bereiche Datenqualit\u00e4t und Stammdatenmanagement spezialisiert hat. Wir arbeiten mit einem effizienten Team von Beratern und Entwicklern in M\u00fcnchen an der Weiterentwicklung unserer L\u00f6sungen und an kundenspezifischen Entwicklungen. Aufgrund der Internationalit\u00e4t unserer Kunden sind wir weltweit aktiv.SYDECON ist als Spin-Off von Managern eines gro\u00dfen deutschen Software-Hauses [&hellip;]<\/p>\n","protected":false},"author":1,"featured_media":0,"parent":0,"menu_order":0,"comment_status":"closed","ping_status":"closed","template":"","meta":{"footnotes":""},"class_list":["post-36","page","type-page","status-publish","hentry"],"_links":{"self":[{"href":"https:\/\/sydecon.de\/de\/wp-json\/wp\/v2\/pages\/36","targetHints":{"allow":["GET"]}}],"collection":[{"href":"https:\/\/sydecon.de\/de\/wp-json\/wp\/v2\/pages"}],"about":[{"href":"https:\/\/sydecon.de\/de\/wp-json\/wp\/v2\/types\/page"}],"author":[{"embeddable":true,"href":"https:\/\/sydecon.de\/de\/wp-json\/wp\/v2\/users\/1"}],"replies":[{"embeddable":true,"href":"https:\/\/sydecon.de\/de\/wp-json\/wp\/v2\/comments?post=36"}],"version-history":[{"count":0,"href":"https:\/\/sydecon.de\/de\/wp-json\/wp\/v2\/pages\/36\/revisions"}],"wp:attachment":[{"href":"https:\/\/sydecon.de\/de\/wp-json\/wp\/v2\/media?parent=36"}],"curies":[{"name":"wp","href":"https:\/\/api.w.org\/{rel}","templated":true}]}}