{"id":66,"date":"2016-12-22T08:41:55","date_gmt":"2016-12-22T08:41:55","guid":{"rendered":"http:\/\/sydecon.ch\/?page_id=66\/"},"modified":"2018-07-23T14:20:24","modified_gmt":"2018-07-23T14:20:24","slug":"legal-notice","status":"publish","type":"page","link":"https:\/\/sydecon.de\/de\/about-us\/legal-notice\/","title":{"rendered":"Impressum"},"content":{"rendered":"<div class=\"row-container light bg-scroll\">\n<div class=\"tw-element col-md-4\">\n<h4>Verantwortlich gem\u00e4\u00df to \u00a7 55 Abs. 2 RStV<\/h4>\n<div>Kai-Uwe Baryga<\/div>\n<div>SYDECON systems, design &amp; construction GmbH<\/div>\n<div>Machtlfinger Str. 13<\/div>\n<div>81379 M\u00fcnchen<\/div>\n<div>Deutschland<\/div>\n<\/div>\n<div class=\"tw-element col-md-4\">\n<h4>Unternehmenszentrale<\/h4>\n<div>SYDECON systems, design &amp; construction GmbH<\/div>\n<div>Machtlfinger Str. 13<\/div>\n<div>81379 M\u00fcnchen<\/div>\n<div>Deutschland<\/div>\n<div><i class=\" fa fa-phone-square\"><\/i>\u00a0\u00a0+49 (89) 41 41 749-0<\/div>\n<div><i class=\"fa fa-envelope-square\"><\/i>\u00a0\u00a0info@sydecon.de<\/div>\n<p>&nbsp;<\/p>\n<h4>Gesch\u00e4ftsf\u00fchrer<\/h4>\n<div>Kai-Uwe Baryga<\/div>\n<\/div>\n<div class=\"tw-element col-md-4\">\n<h4>Unternehmenssitz<\/h4>\n<div>M\u00fcnchen Deutschland<\/div>\n<div>Handelsregister beim<\/div>\n<div>Amtsgericht M\u00fcnchen HRB 131112<\/div>\n<p>&nbsp;<\/p>\n<h4>Umsatzsteuer-Identifikationsnummer<\/h4>\n<div>DE-209113627<\/div>\n<\/div>\n<\/div>\n","protected":false},"excerpt":{"rendered":"<p>Verantwortlich gem\u00e4\u00df to \u00a7 55 Abs. 2 RStV Kai-Uwe Baryga SYDECON systems, design &amp; construction GmbH Machtlfinger Str. 13 81379 M\u00fcnchen Deutschland Unternehmenszentrale SYDECON systems, design &amp; construction GmbH Machtlfinger Str. 13 81379 M\u00fcnchen Deutschland \u00a0\u00a0+49 (89) 41 41 749-0 \u00a0\u00a0info@sydecon.de &nbsp; Gesch\u00e4ftsf\u00fchrer Kai-Uwe Baryga Unternehmenssitz M\u00fcnchen Deutschland Handelsregister beim Amtsgericht M\u00fcnchen HRB 131112 &nbsp; [&hellip;]<\/p>\n","protected":false},"author":1,"featured_media":0,"parent":36,"menu_order":0,"comment_status":"closed","ping_status":"closed","template":"","meta":{"footnotes":""},"class_list":["post-66","page","type-page","status-publish","hentry"],"_links":{"self":[{"href":"https:\/\/sydecon.de\/de\/wp-json\/wp\/v2\/pages\/66","targetHints":{"allow":["GET"]}}],"collection":[{"href":"https:\/\/sydecon.de\/de\/wp-json\/wp\/v2\/pages"}],"about":[{"href":"https:\/\/sydecon.de\/de\/wp-json\/wp\/v2\/types\/page"}],"author":[{"embeddable":true,"href":"https:\/\/sydecon.de\/de\/wp-json\/wp\/v2\/users\/1"}],"replies":[{"embeddable":true,"href":"https:\/\/sydecon.de\/de\/wp-json\/wp\/v2\/comments?post=66"}],"version-history":[{"count":0,"href":"https:\/\/sydecon.de\/de\/wp-json\/wp\/v2\/pages\/66\/revisions"}],"up":[{"embeddable":true,"href":"https:\/\/sydecon.de\/de\/wp-json\/wp\/v2\/pages\/36"}],"wp:attachment":[{"href":"https:\/\/sydecon.de\/de\/wp-json\/wp\/v2\/media?parent=66"}],"curies":[{"name":"wp","href":"https:\/\/api.w.org\/{rel}","templated":true}]}}