{"id":8,"date":"2016-12-21T10:02:04","date_gmt":"2016-12-21T10:02:04","guid":{"rendered":"http:\/\/sydecon.ch\/?page_id=8"},"modified":"2025-01-20T17:26:53","modified_gmt":"2025-01-20T17:26:53","slug":"home","status":"publish","type":"page","link":"https:\/\/sydecon.de\/de\/","title":{"rendered":"Home"},"content":{"rendered":"<div class=\"fusion-fullwidth fullwidth-box nonhundred-percent-fullwidth non-hundred-percent-height-scrolling\"  style='background-color: rgba(255,255,255,0);background-position: center center;background-repeat: no-repeat;padding-top:20px;padding-right:0px;padding-bottom:20px;padding-left:0px;'><div class=\"fusion-builder-row fusion-row \"><div  class=\"fusion-layout-column fusion_builder_column fusion_builder_column_1_1  fusion-one-full fusion-column-first fusion-column-last 1_1\"  style='margin-top:0px;margin-bottom:20px;'>\n\t\t\t\t\t<div class=\"fusion-column-wrapper\" style=\"padding: 0px 0px 0px 0px;background-position:left top;background-repeat:no-repeat;-webkit-background-size:cover;-moz-background-size:cover;-o-background-size:cover;background-size:cover;\"  data-bg-url=\"\">\n\t\t\t\t\t\t<div class=\"fusion-title title fusion-title-size-two\" style=\"margin-top:0px;margin-bottom:31px;\"><h2 class=\"title-heading-left\">Master Data Management &#8211; ein strategischer Erfolgsfaktor<\/h2><div class=\"title-sep-container\"><div class=\"title-sep sep-single sep-solid\" style=\"border-color:#e0dede;\"><\/div><\/div><\/div><div class=\"fusion-text\"><p class=\"sydecon-body\">Stammdaten: in heutigen Unternehmen ein wichtiges Gut. Sie bilden die Grundlage f\u00fcr nahezu alle IT-gest\u00fctzten Prozesse.<\/p>\n<p class=\"sydecon-body\">Die Qualit\u00e4t dieser Daten ist ein ausschlaggebendes Kriterium f\u00fcr ihren Wert. Master Data Management ist der Schl\u00fcssel, die erforderliche Datenqualit\u00e4t in Ihrem Unternehmen zu erreichen und zu bewahren.<\/p>\n<p class=\"sydecon-body\">Seit Jahren unterst\u00fctzt\u00a0und begleitet SYDECON\u00a0erfolgreiche, internationale\u00a0Konzerne wie Tetra Pak, Bayer Crop Science, Johnson &amp; Johnson und viele mehr bei diesem Prozess.<\/p>\n<\/div><div class=\"fusion-title title fusion-title-size-two\" style=\"margin-top:0px;margin-bottom:31px;\"><h2 class=\"title-heading-left\">Wir bieten Ihnen umfassende Master Data Management L\u00f6sungen:<\/h2><div class=\"title-sep-container\"><div class=\"title-sep sep-single sep-solid\" style=\"border-color:#e0dede;\"><\/div><\/div><\/div><div class=\"fusion-flip-boxes flip-boxes row fusion-columns-4\"><div class=\"fusion-flip-box-wrapper fusion-column col-lg-3 col-md-3 col-sm-3\"><div class=\"fusion-flip-box\"><div class=\"flip-box-inner-wrapper\"><div class=\"flip-box-front\" style=\"background-color:#eeeded;border-color:rgba(0,0,0,0);border-radius:4px;border-style:solid;border-width:1px;color:#747474;\"><div class=\"flip-box-front-inner\"><div class=\"flip-box-grafix flip-box-circle\" style=\"background-color:#004f9f;border-color:#004f9f;\"><i class=\"fa fa-line-chart\" style=\"color:#ffffff;\"><\/i><\/div><h2 class=\"flip-box-heading\" style=\"color:#333333;\">MDM Enterprise Analyzer<\/h2>Analysieren Sie Ihre Datenqualit\u00e4t kontinuierlich ...<\/div><\/div><div class=\"flip-box-back\" style=\"background-color:#004f9f;border-color:rgba(0,0,0,0);border-radius:4px;border-style:solid;border-width:1px;color:#ffffff;\"><div class=\"flip-box-back-inner\"><h3 class=\"flip-box-heading-back\" style=\"color:#ffffff;\">MDM Enterprise Analyzer<\/h3>\n<p>&#8230; ist ein System zur kontinuierlichen Analyse der Stammdatenqualit\u00e4t anhand von unternehmensspezifischen Regeln. Es ist ein Data Warehouse f\u00fcr Master Data Quality, das langfristig Ihre Qualit\u00e4tsstandards \u00fcberwacht und garantiert.<\/p>\n<div class=\"fusion-button-wrapper\"><style type=\"text\/css\" scoped=\"scoped\">.fusion-button.button-1 .fusion-button-text, .fusion-button.button-1 i {color:#004f9f;}.fusion-button.button-1 {border-width:0px;border-color:#004f9f;}.fusion-button.button-1 .fusion-button-icon-divider{border-color:#004f9f;}.fusion-button.button-1:hover .fusion-button-text, .fusion-button.button-1:hover i,.fusion-button.button-1:focus .fusion-button-text, .fusion-button.button-1:focus i,.fusion-button.button-1:active .fusion-button-text, .fusion-button.button-1:active{color:#004f9f;}.fusion-button.button-1:hover, .fusion-button.button-1:focus, .fusion-button.button-1:active{border-width:0px;border-color:#004f9f;}.fusion-button.button-1:hover .fusion-button-icon-divider, .fusion-button.button-1:hover .fusion-button-icon-divider, .fusion-button.button-1:active .fusion-button-icon-divider{border-color:#004f9f;}.fusion-button.button-1{width:auto;}<\/style><a class=\"fusion-button button-flat fusion-button-square button-medium button-default button-1\" target=\"_self\" href=\"\/de\/solutions\/#analyzer\"><span class=\"fusion-button-text\">mehr &#8230;<\/span><\/a><\/div>\n<\/div><\/div><\/div><\/div><\/div><div class=\"fusion-flip-box-wrapper fusion-column col-lg-3 col-md-3 col-sm-3\"><div class=\"fusion-flip-box\"><div class=\"flip-box-inner-wrapper\"><div class=\"flip-box-front\" style=\"background-color:#eeeded;border-color:rgba(0,0,0,0);border-radius:4px;border-style:solid;border-width:1px;color:#747474;\"><div class=\"flip-box-front-inner\"><div class=\"flip-box-grafix flip-box-circle\" style=\"background-color:#004f9f;border-color:#004f9f;\"><i class=\"fa fa-cogs\" style=\"color:#ffffff;\"><\/i><\/div><h2 class=\"flip-box-heading\" style=\"color:#333333;\">MDM Enterprise Workflow<\/h2>Lassen Sie Ihre Stammdaten flie\u00dfen ...<\/div><\/div><div class=\"flip-box-back\" style=\"background-color:#004f9f;border-color:rgba(0,0,0,0);border-radius:4px;border-style:solid;border-width:1px;color:#ffffff;\"><div class=\"flip-box-back-inner\"><h3 class=\"flip-box-heading-back\" style=\"color:#ffffff;\">MDM Enterprise Workflow<\/h3>\n<p>&#8230; ist ein System zur Steuerung von Master Data Maintenance Prozessen. Es stellt sicher, dass nur gepr\u00fcfte und genehmigte \u00c4nderungen von Stammdaten in Ihre Systeme flie\u00dfen. Konsistenz, Vollst\u00e4ndigkeit und Korrektheit werden so gew\u00e4hrleistet.<\/p>\n<div class=\"fusion-button-wrapper\"><style type=\"text\/css\" scoped=\"scoped\">.fusion-button.button-2 .fusion-button-text, .fusion-button.button-2 i {color:#004f9f;}.fusion-button.button-2 {border-width:0px;border-color:#004f9f;}.fusion-button.button-2 .fusion-button-icon-divider{border-color:#004f9f;}.fusion-button.button-2:hover .fusion-button-text, .fusion-button.button-2:hover i,.fusion-button.button-2:focus .fusion-button-text, .fusion-button.button-2:focus i,.fusion-button.button-2:active .fusion-button-text, .fusion-button.button-2:active{color:#004f9f;}.fusion-button.button-2:hover, .fusion-button.button-2:focus, .fusion-button.button-2:active{border-width:0px;border-color:#004f9f;}.fusion-button.button-2:hover .fusion-button-icon-divider, .fusion-button.button-2:hover .fusion-button-icon-divider, .fusion-button.button-2:active .fusion-button-icon-divider{border-color:#004f9f;}.fusion-button.button-2{width:auto;}<\/style><a class=\"fusion-button button-flat fusion-button-square button-medium button-default button-2\" target=\"_self\" href=\"\/de\/solutions\/#workflow\"><span class=\"fusion-button-text\">mehr &#8230;<\/span><\/a><\/div>\n<\/div><\/div><\/div><\/div><\/div><div class=\"fusion-flip-box-wrapper fusion-column col-lg-3 col-md-3 col-sm-3\"><div class=\"fusion-flip-box\"><div class=\"flip-box-inner-wrapper\"><div class=\"flip-box-front\" style=\"background-color:#eeeded;border-color:rgba(0,0,0,0);border-radius:4px;border-style:solid;border-width:1px;color:#747474;\"><div class=\"flip-box-front-inner\"><div class=\"flip-box-grafix flip-box-circle\" style=\"background-color:#004f9f;border-color:#004f9f;\"><i class=\"fa fa-sitemap\" style=\"color:#ffffff;\"><\/i><\/div><h2 class=\"flip-box-heading\" style=\"color:#333333;\">MDM Enterprise Repository<\/h2>Bringen Sie Struktur in Ihre MDM Organisation ...<\/div><\/div><div class=\"flip-box-back\" style=\"background-color:#004f9f;border-color:rgba(0,0,0,0);border-radius:4px;border-style:solid;border-width:1px;color:#ffffff;\"><div class=\"flip-box-back-inner\"><h3 class=\"flip-box-heading-back\" style=\"color:#ffffff;\">MDM Enterprise Repository<\/h3>\n<p>&#8230; ist ein System zur Dokumentation von Master Data. Es ist ein Werkzeug zur Master Data Governance, das Informationen \u00fcber Struktur, Nutzung, Business Rules und Ownership in Ihrem Unternehmen transparent macht.<\/p>\n<div class=\"fusion-button-wrapper\"><style type=\"text\/css\" scoped=\"scoped\">.fusion-button.button-3 .fusion-button-text, .fusion-button.button-3 i {color:#004f9f;}.fusion-button.button-3 {border-width:0px;border-color:#004f9f;}.fusion-button.button-3 .fusion-button-icon-divider{border-color:#004f9f;}.fusion-button.button-3:hover .fusion-button-text, .fusion-button.button-3:hover i,.fusion-button.button-3:focus .fusion-button-text, .fusion-button.button-3:focus i,.fusion-button.button-3:active .fusion-button-text, .fusion-button.button-3:active{color:#004f9f;}.fusion-button.button-3:hover, .fusion-button.button-3:focus, .fusion-button.button-3:active{border-width:0px;border-color:#004f9f;}.fusion-button.button-3:hover .fusion-button-icon-divider, .fusion-button.button-3:hover .fusion-button-icon-divider, .fusion-button.button-3:active .fusion-button-icon-divider{border-color:#004f9f;}.fusion-button.button-3{width:auto;}<\/style><a class=\"fusion-button button-flat fusion-button-square button-medium button-default button-3\" target=\"_self\" href=\"\/de\/solutions\/#repository\"><span class=\"fusion-button-text\">mehr &#8230;<\/span><\/a><\/div>\n<\/div><\/div><\/div><\/div><\/div><div class=\"fusion-flip-box-wrapper fusion-column col-lg-3 col-md-3 col-sm-3\"><div class=\"fusion-flip-box\"><div class=\"flip-box-inner-wrapper\"><div class=\"flip-box-front\" style=\"background-color:#eeeded;border-color:rgba(0,0,0,0);border-radius:4px;border-style:solid;border-width:1px;color:#747474;\"><div class=\"flip-box-front-inner\"><div class=\"flip-box-grafix flip-box-circle\" style=\"background-color:#004f9f;border-color:#004f9f;\"><i class=\"fa fa-university\" style=\"color:#ffffff;\"><\/i><\/div><h2 class=\"flip-box-heading\" style=\"color:#333333;\">MDM Enterprise Compliance<\/h2>Erf\u00fcllen Sie Ihre Compliance Anforderungen ...<\/div><\/div><div class=\"flip-box-back\" style=\"background-color:#004f9f;border-color:rgba(0,0,0,0);border-radius:4px;border-style:solid;border-width:1px;color:#ffffff;\"><div class=\"flip-box-back-inner\"><h3 class=\"flip-box-heading-back\" style=\"color:#ffffff;\">MDM Enterprise Compliance<\/h3>\n<p>&#8230; ist ein System mit dem Sie Ihre Compliance Controls verwalten und steuern k\u00f6nnen. Prozesse werden automatisch gestartet und \u00fcberwacht. So stellen Sie sicher, dass Ihre Kontrollen vollst\u00e4ndig und termingerecht durchgef\u00fchrt werden.<\/p>\n<div class=\"fusion-button-wrapper\"><style type=\"text\/css\" scoped=\"scoped\">.fusion-button.button-4 .fusion-button-text, .fusion-button.button-4 i {color:#004f9f;}.fusion-button.button-4 {border-width:0px;border-color:#004f9f;}.fusion-button.button-4 .fusion-button-icon-divider{border-color:#004f9f;}.fusion-button.button-4:hover .fusion-button-text, .fusion-button.button-4:hover i,.fusion-button.button-4:focus .fusion-button-text, .fusion-button.button-4:focus i,.fusion-button.button-4:active .fusion-button-text, .fusion-button.button-4:active{color:#004f9f;}.fusion-button.button-4:hover, .fusion-button.button-4:focus, .fusion-button.button-4:active{border-width:0px;border-color:#004f9f;}.fusion-button.button-4:hover .fusion-button-icon-divider, .fusion-button.button-4:hover .fusion-button-icon-divider, .fusion-button.button-4:active .fusion-button-icon-divider{border-color:#004f9f;}.fusion-button.button-4{width:auto;}<\/style><a class=\"fusion-button button-flat fusion-button-square button-medium button-default button-4\" target=\"_self\" href=\"\/de\/solutions\/#compliance\"><span class=\"fusion-button-text\">mehr &#8230;<\/span><\/a><\/div>\n<\/div><\/div><\/div><\/div><\/div><\/div><div class=\"fusion-clearfix\"><\/div><div class=\"fusion-title title fusion-title-size-two\" style=\"margin-top:0px;margin-bottom:31px;\"><h2 class=\"title-heading-left\">MDM Enterprise Suite im t\u00e4glichen Einsatz<\/h2><div class=\"title-sep-container\"><div class=\"title-sep sep-single sep-solid\" style=\"border-color:#e0dede;\"><\/div><\/div><\/div><div class=\"fusion-counters-box counters-box row fusion-clearfix fusion-columns-5\"><div class=\"fusion-counter-box fusion-column col-counter-box counter-box-wrapper col-lg-2 col-md-2 col-sm-2\" data-animationOffset=\"100%\"><div class=\"counter-box-container\" style=\"border: 1px solid #e0dede;\"><div class=\"content-box-percentage content-box-counter\" style=\"color:#004f9f;font-size:24px;line-height:normal;\"><span class=\"display-counter\" data-value=\"50000\" data-direction=\"up\" data-decimals=\"0\">0<\/span><span class=\"unit\">+<\/span><\/div><div class=\"counter-box-content\" style=\"color:#747474;font-size:13px;\">MDM Enterprise Anwender<\/div><\/div><\/div><div class=\"fusion-counter-box fusion-column col-counter-box counter-box-wrapper col-lg-2 col-md-2 col-sm-2\" data-animationOffset=\"100%\"><div class=\"counter-box-container\" style=\"border: 1px solid #e0dede;\"><div class=\"content-box-percentage content-box-counter\" style=\"color:#004f9f;font-size:24px;line-height:normal;\"><span class=\"display-counter\" data-value=\"80\" data-direction=\"up\" data-decimals=\"0\">0<\/span><span class=\"unit\">+<\/span><\/div><div class=\"counter-box-content\" style=\"color:#747474;font-size:13px;\">L\u00e4nder<\/div><\/div><\/div><div class=\"fusion-counter-box fusion-column col-counter-box counter-box-wrapper col-lg-2 col-md-2 col-sm-2\" data-animationOffset=\"100%\"><div class=\"counter-box-container\" style=\"border: 1px solid #e0dede;\"><div class=\"content-box-percentage content-box-counter\" style=\"color:#004f9f;font-size:24px;line-height:normal;\"><span class=\"display-counter\" data-value=\"20000\" data-direction=\"up\" data-decimals=\"0\">0<\/span><span class=\"unit\">+<\/span><\/div><div class=\"counter-box-content\" style=\"color:#747474;font-size:13px;\">Requests pro Monat<\/div><\/div><\/div><div class=\"fusion-counter-box fusion-column col-counter-box counter-box-wrapper col-lg-2 col-md-2 col-sm-2\" data-animationOffset=\"100%\"><div class=\"counter-box-container\" style=\"border: 1px solid #e0dede;\"><div class=\"content-box-percentage content-box-counter\" style=\"color:#004f9f;font-size:24px;line-height:normal;\"><span class=\"display-counter\" data-value=\"120\" data-direction=\"up\" data-decimals=\"0\">0<\/span><span class=\"unit\">+<\/span><\/div><div class=\"counter-box-content\" style=\"color:#747474;font-size:13px;\">ERP Systeme integriert<\/div><\/div><\/div><div class=\"fusion-counter-box fusion-column col-counter-box counter-box-wrapper col-lg-2 col-md-2 col-sm-2\" data-animationOffset=\"100%\"><div class=\"counter-box-container\" style=\"border: 1px solid #e0dede;\"><div class=\"content-box-percentage content-box-counter\" style=\"color:#004f9f;font-size:24px;line-height:normal;\"><span class=\"display-counter\" data-value=\"99\" data-direction=\"up\" data-decimals=\"0\">0<\/span><span class=\"unit\">+ %<\/span><\/div><div class=\"counter-box-content\" style=\"color:#747474;font-size:13px;\">Verf\u00fcgbarkeit<\/div><\/div><\/div><\/div><div class=\"clearfix\"><\/div><div class=\"fusion-clearfix\"><\/div>\n\n\t\t\t\t\t<\/div>\n\t\t\t\t<\/div><\/div><\/div>\n","protected":false},"excerpt":{"rendered":"","protected":false},"author":1,"featured_media":0,"parent":0,"menu_order":0,"comment_status":"closed","ping_status":"closed","template":"","meta":{"footnotes":""},"class_list":["post-8","page","type-page","status-publish","hentry"],"_links":{"self":[{"href":"https:\/\/sydecon.de\/de\/wp-json\/wp\/v2\/pages\/8","targetHints":{"allow":["GET"]}}],"collection":[{"href":"https:\/\/sydecon.de\/de\/wp-json\/wp\/v2\/pages"}],"about":[{"href":"https:\/\/sydecon.de\/de\/wp-json\/wp\/v2\/types\/page"}],"author":[{"embeddable":true,"href":"https:\/\/sydecon.de\/de\/wp-json\/wp\/v2\/users\/1"}],"replies":[{"embeddable":true,"href":"https:\/\/sydecon.de\/de\/wp-json\/wp\/v2\/comments?post=8"}],"version-history":[{"count":1,"href":"https:\/\/sydecon.de\/de\/wp-json\/wp\/v2\/pages\/8\/revisions"}],"predecessor-version":[{"id":1413,"href":"https:\/\/sydecon.de\/de\/wp-json\/wp\/v2\/pages\/8\/revisions\/1413"}],"wp:attachment":[{"href":"https:\/\/sydecon.de\/de\/wp-json\/wp\/v2\/media?parent=8"}],"curies":[{"name":"wp","href":"https:\/\/api.w.org\/{rel}","templated":true}]}}